{"id":19369,"date":"2023-12-14T09:42:19","date_gmt":"2023-12-14T09:42:19","guid":{"rendered":"https:\/\/www.securanorthafrica.com\/design-pour-exposants\/"},"modified":"2025-11-10T11:54:07","modified_gmt":"2025-11-10T11:54:07","slug":"design-pour-exposants","status":"publish","type":"page","link":"https:\/\/www.securanorthafrica.com\/fr\/design-pour-exposants\/","title":{"rendered":"Design pour Exposants"},"content":{"rendered":"\t\t<div data-elementor-type=\"wp-page\" data-elementor-id=\"19369\" class=\"elementor elementor-19369 elementor-19311\" data-elementor-post-type=\"page\">\n\t\t\t\t\t\t<section class=\"elementor-section elementor-top-section elementor-element elementor-element-339e696 elementor-section-height-min-height elementor-section-boxed elementor-section-height-default elementor-section-items-middle\" data-id=\"339e696\" data-element_type=\"section\" data-settings=\"{&quot;background_background&quot;:&quot;classic&quot;}\">\n\t\t\t\t\t\t\t<div class=\"elementor-background-overlay\"><\/div>\n\t\t\t\t\t\t\t<div class=\"elementor-container elementor-column-gap-default\">\n\t\t\t\t\t<div class=\"elementor-column elementor-col-100 elementor-top-column elementor-element elementor-element-0ac2338\" data-id=\"0ac2338\" data-element_type=\"column\">\n\t\t\t<div class=\"elementor-widget-wrap elementor-element-populated\">\n\t\t\t\t\t\t<div class=\"elementor-element elementor-element-2d63ecd elementor-widget elementor-widget-heading\" data-id=\"2d63ecd\" data-element_type=\"widget\" data-widget_type=\"heading.default\">\n\t\t\t\t<div class=\"elementor-widget-container\">\n\t\t\t\t\t<h1 class=\"elementor-heading-title elementor-size-default\">Mat\u00e9riel de marketing pour les exposants <\/h1>\t\t\t\t<\/div>\n\t\t\t\t<\/div>\n\t\t\t\t<div class=\"elementor-element elementor-element-cd426fd elementor-widget elementor-widget-text-editor\" data-id=\"cd426fd\" data-element_type=\"widget\" data-widget_type=\"text-editor.default\">\n\t\t\t\t<div class=\"elementor-widget-container\">\n\t\t\t\t\t\t\t\t\t<p>SECURA Alg\u00e9rie met \u00e0 votre disposition des logos et des banni\u00e8res de diff\u00e9rentes tailles pour que vous puissiez partager votre participation \u00e0 l&rsquo;\u00e9v\u00e9nement.<\/p>\t\t\t\t\t\t\t\t<\/div>\n\t\t\t\t<\/div>\n\t\t\t\t\t<\/div>\n\t\t<\/div>\n\t\t\t\t\t<\/div>\n\t\t<\/section>\n\t\t\t\t<section class=\"elementor-section elementor-top-section elementor-element elementor-element-9de754d elementor-section-boxed elementor-section-height-default elementor-section-height-default\" data-id=\"9de754d\" data-element_type=\"section\">\n\t\t\t\t\t\t<div class=\"elementor-container elementor-column-gap-default\">\n\t\t\t\t\t<div class=\"elementor-column elementor-col-100 elementor-top-column elementor-element elementor-element-355509f\" data-id=\"355509f\" data-element_type=\"column\">\n\t\t\t<div class=\"elementor-widget-wrap elementor-element-populated\">\n\t\t\t\t\t\t<div class=\"elementor-element elementor-element-46ba93d elementor-widget elementor-widget-heading\" data-id=\"46ba93d\" data-element_type=\"widget\" data-widget_type=\"heading.default\">\n\t\t\t\t<div class=\"elementor-widget-container\">\n\t\t\t\t\t<h2 class=\"elementor-heading-title elementor-size-default\">Logos SECURA Algeria 2025<\/h2>\t\t\t\t<\/div>\n\t\t\t\t<\/div>\n\t\t\t\t\t<\/div>\n\t\t<\/div>\n\t\t\t\t\t<\/div>\n\t\t<\/section>\n\t\t\t\t<section class=\"elementor-section elementor-top-section elementor-element elementor-element-c5b2892 elementor-section-boxed elementor-section-height-default elementor-section-height-default\" data-id=\"c5b2892\" data-element_type=\"section\">\n\t\t\t\t\t\t<div class=\"elementor-container elementor-column-gap-default\">\n\t\t\t\t\t<div class=\"elementor-column elementor-col-33 elementor-top-column elementor-element elementor-element-5da4e06\" data-id=\"5da4e06\" data-element_type=\"column\">\n\t\t\t<div class=\"elementor-widget-wrap elementor-element-populated\">\n\t\t\t\t\t\t<div class=\"elementor-element elementor-element-c217b9d elementor-widget elementor-widget-image\" data-id=\"c217b9d\" data-element_type=\"widget\" data-widget_type=\"image.default\">\n\t\t\t\t<div class=\"elementor-widget-container\">\n\t\t\t\t\t\t\t\t\t\t\t\t\t\t\t\t<a href=\"https:\/\/easyfairsassets.com\/sites\/153\/2023\/12\/Secura-2024-Logo_black.jpg\" target=\"_blank\">\n\t\t\t\t\t\t\t<img fetchpriority=\"high\" decoding=\"async\" width=\"666\" height=\"243\" src=\"https:\/\/easyfairsassets.com\/sites\/153\/2025\/06\/Secura_25_CMYK_FR_All_FullColour.png\" class=\"attachment-large size-large wp-image-33310\" alt=\"Secura_25_CMYK_FR_All_FullColour\" srcset=\"https:\/\/easyfairsassets.com\/sites\/153\/2025\/06\/Secura_25_CMYK_FR_All_FullColour.png 666w, https:\/\/easyfairsassets.com\/sites\/153\/2025\/06\/Secura_25_CMYK_FR_All_FullColour-300x109.png 300w\" sizes=\"(max-width: 666px) 100vw, 666px\" \/>\t\t\t\t\t\t\t\t<\/a>\n\t\t\t\t\t\t\t\t\t\t\t\t\t\t\t<\/div>\n\t\t\t\t<\/div>\n\t\t\t\t\t<\/div>\n\t\t<\/div>\n\t\t\t\t<div class=\"elementor-column elementor-col-33 elementor-top-column elementor-element elementor-element-c4c48cb\" data-id=\"c4c48cb\" data-element_type=\"column\">\n\t\t\t<div class=\"elementor-widget-wrap elementor-element-populated\">\n\t\t\t\t\t\t<div class=\"elementor-element elementor-element-f412241 elementor-widget elementor-widget-image\" data-id=\"f412241\" data-element_type=\"widget\" data-widget_type=\"image.default\">\n\t\t\t\t<div class=\"elementor-widget-container\">\n\t\t\t\t\t\t\t\t\t\t\t\t\t\t\t\t<a href=\"https:\/\/easyfairsassets.com\/sites\/153\/2023\/12\/Secura-2024-Logo_full-colour_reversed-dark-blue_whitedate.png\" target=\"_blank\">\n\t\t\t\t\t\t\t<img decoding=\"async\" width=\"666\" height=\"244\" src=\"https:\/\/easyfairsassets.com\/sites\/153\/2025\/06\/Secura_25_CMYK_FR_NoLocation_Inverted.png\" class=\"attachment-large size-large wp-image-33301\" alt=\"Secura_25_CMYK_FR_NoLocation_Inverted\" srcset=\"https:\/\/easyfairsassets.com\/sites\/153\/2025\/06\/Secura_25_CMYK_FR_NoLocation_Inverted.png 666w, https:\/\/easyfairsassets.com\/sites\/153\/2025\/06\/Secura_25_CMYK_FR_NoLocation_Inverted-300x110.png 300w\" sizes=\"(max-width: 666px) 100vw, 666px\" \/>\t\t\t\t\t\t\t\t<\/a>\n\t\t\t\t\t\t\t\t\t\t\t\t\t\t\t<\/div>\n\t\t\t\t<\/div>\n\t\t\t\t\t<\/div>\n\t\t<\/div>\n\t\t\t\t<div class=\"elementor-column elementor-col-33 elementor-top-column elementor-element elementor-element-1917689\" data-id=\"1917689\" data-element_type=\"column\">\n\t\t\t<div class=\"elementor-widget-wrap elementor-element-populated\">\n\t\t\t\t\t\t<div class=\"elementor-element elementor-element-a1daf25 elementor-widget elementor-widget-image\" data-id=\"a1daf25\" data-element_type=\"widget\" data-widget_type=\"image.default\">\n\t\t\t\t<div class=\"elementor-widget-container\">\n\t\t\t\t\t\t\t\t\t\t\t\t\t\t\t\t<a href=\"https:\/\/easyfairsassets.com\/sites\/153\/2023\/12\/Secura-2024-Logo_full-colour.png\" target=\"_blank\">\n\t\t\t\t\t\t\t<img decoding=\"async\" width=\"666\" height=\"244\" src=\"https:\/\/easyfairsassets.com\/sites\/153\/2025\/06\/Secura_25_CMYK_FR_NoLocation_FullColour.png\" class=\"attachment-large size-large wp-image-33304\" alt=\"Secura_25_CMYK_FR_NoLocation_FullColour\" srcset=\"https:\/\/easyfairsassets.com\/sites\/153\/2025\/06\/Secura_25_CMYK_FR_NoLocation_FullColour.png 666w, https:\/\/easyfairsassets.com\/sites\/153\/2025\/06\/Secura_25_CMYK_FR_NoLocation_FullColour-300x110.png 300w\" sizes=\"(max-width: 666px) 100vw, 666px\" \/>\t\t\t\t\t\t\t\t<\/a>\n\t\t\t\t\t\t\t\t\t\t\t\t\t\t\t<\/div>\n\t\t\t\t<\/div>\n\t\t\t\t\t<\/div>\n\t\t<\/div>\n\t\t\t\t\t<\/div>\n\t\t<\/section>\n\t\t\t\t<section class=\"elementor-section elementor-top-section elementor-element elementor-element-3fc2fae elementor-section-boxed elementor-section-height-default elementor-section-height-default\" data-id=\"3fc2fae\" data-element_type=\"section\">\n\t\t\t\t\t\t<div class=\"elementor-container elementor-column-gap-default\">\n\t\t\t\t\t<div class=\"elementor-column elementor-col-100 elementor-top-column elementor-element elementor-element-536b9fa\" data-id=\"536b9fa\" data-element_type=\"column\">\n\t\t\t<div class=\"elementor-widget-wrap elementor-element-populated\">\n\t\t\t\t\t\t<div class=\"elementor-element elementor-element-fc027d2 elementor-widget elementor-widget-heading\" data-id=\"fc027d2\" data-element_type=\"widget\" data-widget_type=\"heading.default\">\n\t\t\t\t<div class=\"elementor-widget-container\">\n\t\t\t\t\t<h2 class=\"elementor-heading-title elementor-size-default\">Logos SECURA Algeria avec dates et lieux<\/h2>\t\t\t\t<\/div>\n\t\t\t\t<\/div>\n\t\t\t\t\t<\/div>\n\t\t<\/div>\n\t\t\t\t\t<\/div>\n\t\t<\/section>\n\t\t\t\t<section class=\"elementor-section elementor-top-section elementor-element elementor-element-b26a733 elementor-section-boxed elementor-section-height-default elementor-section-height-default\" data-id=\"b26a733\" data-element_type=\"section\">\n\t\t\t\t\t\t<div class=\"elementor-container elementor-column-gap-default\">\n\t\t\t\t\t<div class=\"elementor-column elementor-col-33 elementor-top-column elementor-element elementor-element-4a3c637\" data-id=\"4a3c637\" data-element_type=\"column\">\n\t\t\t<div class=\"elementor-widget-wrap elementor-element-populated\">\n\t\t\t\t\t\t<div class=\"elementor-element elementor-element-1729d80 elementor-widget elementor-widget-image\" data-id=\"1729d80\" data-element_type=\"widget\" data-widget_type=\"image.default\">\n\t\t\t\t<div class=\"elementor-widget-container\">\n\t\t\t\t\t\t\t\t\t\t\t\t\t\t\t\t<a href=\"https:\/\/easyfairsassets.com\/sites\/153\/2023\/12\/Secura-2024-Logo_full-colour_French-1.jpg\" target=\"_blank\">\n\t\t\t\t\t\t\t<img loading=\"lazy\" decoding=\"async\" width=\"638\" height=\"175\" src=\"https:\/\/easyfairsassets.com\/sites\/153\/2025\/06\/Secura25_Design_CMYK__EN_date-and-location.png\" class=\"attachment-large size-large wp-image-33292\" alt=\"Secura25_Design_CMYK__EN_date and location\" srcset=\"https:\/\/easyfairsassets.com\/sites\/153\/2025\/06\/Secura25_Design_CMYK__EN_date-and-location.png 638w, https:\/\/easyfairsassets.com\/sites\/153\/2025\/06\/Secura25_Design_CMYK__EN_date-and-location-300x82.png 300w\" sizes=\"(max-width: 638px) 100vw, 638px\" \/>\t\t\t\t\t\t\t\t<\/a>\n\t\t\t\t\t\t\t\t\t\t\t\t\t\t\t<\/div>\n\t\t\t\t<\/div>\n\t\t\t\t\t<\/div>\n\t\t<\/div>\n\t\t\t\t<div class=\"elementor-column elementor-col-33 elementor-top-column elementor-element elementor-element-d239a91\" data-id=\"d239a91\" data-element_type=\"column\">\n\t\t\t<div class=\"elementor-widget-wrap elementor-element-populated\">\n\t\t\t\t\t\t<div class=\"elementor-element elementor-element-ee1cb85 elementor-widget elementor-widget-image\" data-id=\"ee1cb85\" data-element_type=\"widget\" data-widget_type=\"image.default\">\n\t\t\t\t<div class=\"elementor-widget-container\">\n\t\t\t\t\t\t\t\t\t\t\t\t\t\t\t\t<a href=\"https:\/\/easyfairsassets.com\/sites\/153\/2023\/12\/Secura-2024-Logo_white_French.png\" target=\"_blank\">\n\t\t\t\t\t\t\t<img loading=\"lazy\" decoding=\"async\" width=\"638\" height=\"174\" src=\"https:\/\/easyfairsassets.com\/sites\/153\/2025\/06\/Secura25_Design_CMYK__FR_Inverted_date-and-location.png\" class=\"attachment-large size-large wp-image-33295\" alt=\"Secura25_Design_CMYK__FR_Inverted_date and location\" srcset=\"https:\/\/easyfairsassets.com\/sites\/153\/2025\/06\/Secura25_Design_CMYK__FR_Inverted_date-and-location.png 638w, https:\/\/easyfairsassets.com\/sites\/153\/2025\/06\/Secura25_Design_CMYK__FR_Inverted_date-and-location-300x82.png 300w\" sizes=\"(max-width: 638px) 100vw, 638px\" \/>\t\t\t\t\t\t\t\t<\/a>\n\t\t\t\t\t\t\t\t\t\t\t\t\t\t\t<\/div>\n\t\t\t\t<\/div>\n\t\t\t\t\t<\/div>\n\t\t<\/div>\n\t\t\t\t<div class=\"elementor-column elementor-col-33 elementor-top-column elementor-element elementor-element-a8f3172\" data-id=\"a8f3172\" data-element_type=\"column\">\n\t\t\t<div class=\"elementor-widget-wrap elementor-element-populated\">\n\t\t\t\t\t\t<div class=\"elementor-element elementor-element-b77055e elementor-widget elementor-widget-image\" data-id=\"b77055e\" data-element_type=\"widget\" data-widget_type=\"image.default\">\n\t\t\t\t<div class=\"elementor-widget-container\">\n\t\t\t\t\t\t\t\t\t\t\t\t\t\t\t\t<a href=\"https:\/\/easyfairsassets.com\/sites\/153\/2023\/12\/Secura-2024-Logo_full-colour_French.png\" target=\"_blank\">\n\t\t\t\t\t\t\t<img loading=\"lazy\" decoding=\"async\" width=\"638\" height=\"174\" src=\"https:\/\/easyfairsassets.com\/sites\/153\/2025\/06\/Secura25_Design_CMYK__FR_FullColour_date-and-location.png\" class=\"attachment-large size-large wp-image-33298\" alt=\"Secura25_Design_CMYK__FR_FullColour_date and location\" srcset=\"https:\/\/easyfairsassets.com\/sites\/153\/2025\/06\/Secura25_Design_CMYK__FR_FullColour_date-and-location.png 638w, https:\/\/easyfairsassets.com\/sites\/153\/2025\/06\/Secura25_Design_CMYK__FR_FullColour_date-and-location-300x82.png 300w\" sizes=\"(max-width: 638px) 100vw, 638px\" \/>\t\t\t\t\t\t\t\t<\/a>\n\t\t\t\t\t\t\t\t\t\t\t\t\t\t\t<\/div>\n\t\t\t\t<\/div>\n\t\t\t\t\t<\/div>\n\t\t<\/div>\n\t\t\t\t\t<\/div>\n\t\t<\/section>\n\t\t\t\t<section class=\"elementor-section elementor-top-section elementor-element elementor-element-a48bc46 elementor-section-full_width elementor-section-height-min-height elementor-section-height-default elementor-section-items-middle\" data-id=\"a48bc46\" data-element_type=\"section\" data-settings=\"{&quot;background_background&quot;:&quot;classic&quot;}\">\n\t\t\t\t\t\t\t<div class=\"elementor-background-overlay\"><\/div>\n\t\t\t\t\t\t\t<div class=\"elementor-container elementor-column-gap-custom\">\n\t\t\t\t\t<div class=\"elementor-column elementor-col-50 elementor-top-column elementor-element elementor-element-c43b7f9\" data-id=\"c43b7f9\" data-element_type=\"column\">\n\t\t\t<div class=\"elementor-widget-wrap elementor-element-populated\">\n\t\t\t\t\t\t<section class=\"elementor-section elementor-inner-section elementor-element elementor-element-e2b3a50 elementor-section-full_width elementor-section-height-default elementor-section-height-default\" data-id=\"e2b3a50\" data-element_type=\"section\">\n\t\t\t\t\t\t<div class=\"elementor-container elementor-column-gap-default\">\n\t\t\t\t\t<div class=\"elementor-column elementor-col-100 elementor-inner-column elementor-element elementor-element-406692c\" data-id=\"406692c\" data-element_type=\"column\">\n\t\t\t<div class=\"elementor-widget-wrap elementor-element-populated\">\n\t\t\t\t\t\t<div class=\"elementor-element elementor-element-6685ed8 elementor-widget elementor-widget-heading\" data-id=\"6685ed8\" data-element_type=\"widget\" data-widget_type=\"heading.default\">\n\t\t\t\t<div class=\"elementor-widget-container\">\n\t\t\t\t\t<h2 class=\"elementor-heading-title elementor-size-default\">Attention\u00a0: fausses listes de fournisseurs et escroqueries similaires<\/h2>\t\t\t\t<\/div>\n\t\t\t\t<\/div>\n\t\t\t\t<div class=\"elementor-element elementor-element-4d14cad elementor-widget elementor-widget-text-editor\" data-id=\"4d14cad\" data-element_type=\"widget\" data-widget_type=\"text-editor.default\">\n\t\t\t\t<div class=\"elementor-widget-container\">\n\t\t\t\t\t\t\t\t\tM\u00e9fiez-vous des fausses listes de vendeurs et des escroqueries similaires\u00a0!<br><br>Easyfairs souhaite attirer votre attention sur les offres frauduleuses de donn\u00e9es de liste et autres \u00ab services \u00bb que vous pourriez recevoir via des e-mails non sollicit\u00e9s.<br><br>Si vous recevez une telle communication, elle est certainement frauduleuse et ne provient pas d&rsquo;Easyfairs. Easyfairs ne vend jamais les donn\u00e9es des visiteurs \u00e0 des tiers.<br><br>Les donn\u00e9es fournies par ces soci\u00e9t\u00e9s sont pour la plupart inexactes, incompl\u00e8tes, ou de mauvaise qualit\u00e9. Ne r\u00e9pondez pas \u00e0 ces emails. Vous ne devez en aucun cas effectuer de paiements aux soci\u00e9t\u00e9s \u00e0 l\u2019origine de ces messages.<br><br>Veuillez informer Easyfairs si vous recevez de telles sollicitations afin que nous puissions en avertir les autres.\t\t\t\t\t\t\t\t<\/div>\n\t\t\t\t<\/div>\n\t\t\t\t\t<\/div>\n\t\t<\/div>\n\t\t\t\t\t<\/div>\n\t\t<\/section>\n\t\t\t\t<div class=\"elementor-element elementor-element-b649e73 elementor-align-center elementor-widget elementor-widget-button\" data-id=\"b649e73\" data-element_type=\"widget\" data-widget_type=\"button.default\">\n\t\t\t\t<div class=\"elementor-widget-container\">\n\t\t\t\t\t\t\t\t\t<div class=\"elementor-button-wrapper\">\n\t\t\t\t\t<a class=\"elementor-button elementor-button-link elementor-size-lg\" href=\"mailto:fares.degaichia@easyfairs.com?subject=Exhibitor%20tools\" target=\"_blank\">\n\t\t\t\t\t\t<span class=\"elementor-button-content-wrapper\">\n\t\t\t\t\t\t\t\t\t<span class=\"elementor-button-text\">INFORMEZ NOUS<\/span>\n\t\t\t\t\t<\/span>\n\t\t\t\t\t<\/a>\n\t\t\t\t<\/div>\n\t\t\t\t\t\t\t\t<\/div>\n\t\t\t\t<\/div>\n\t\t\t\t\t<\/div>\n\t\t<\/div>\n\t\t\t\t<div class=\"elementor-column elementor-col-50 elementor-top-column elementor-element elementor-element-f112041\" data-id=\"f112041\" data-element_type=\"column\" data-settings=\"{&quot;background_background&quot;:&quot;classic&quot;}\">\n\t\t\t<div class=\"elementor-widget-wrap elementor-element-populated\">\n\t\t\t\t\t\t<div class=\"elementor-element elementor-element-6a40ae5 elementor-widget elementor-widget-video\" data-id=\"6a40ae5\" data-element_type=\"widget\" data-settings=\"{&quot;youtube_url&quot;:&quot;https:\\\/\\\/www.youtube.com\\\/watch?v=n9k-nmjQlG0&quot;,&quot;video_type&quot;:&quot;youtube&quot;,&quot;controls&quot;:&quot;yes&quot;}\" data-widget_type=\"video.default\">\n\t\t\t\t<div class=\"elementor-widget-container\">\n\t\t\t\t\t\t\t<div class=\"elementor-wrapper elementor-open-inline\">\n\t\t\t<div class=\"elementor-video\"><\/div>\t\t<\/div>\n\t\t\t\t\t\t<\/div>\n\t\t\t\t<\/div>\n\t\t\t\t\t<\/div>\n\t\t<\/div>\n\t\t\t\t\t<\/div>\n\t\t<\/section>\n\t\t\t\t<\/div>\n\t\t","protected":false},"excerpt":{"rendered":"<p>Mat\u00e9riel de marketing pour les exposants SECURA Alg\u00e9rie met \u00e0 votre disposition des logos et des banni\u00e8res de diff\u00e9rentes tailles pour que vous puissiez partager votre participation \u00e0 l&rsquo;\u00e9v\u00e9nement. Logos SECURA Algeria 2025 Logos SECURA Algeria avec dates et lieux Attention\u00a0: fausses listes de fournisseurs et escroqueries similaires M\u00e9fiez-vous des fausses listes de vendeurs et [&hellip;]<\/p>\n","protected":false},"author":861,"featured_media":0,"parent":0,"menu_order":0,"comment_status":"closed","ping_status":"closed","template":"","meta":{"_seopress_robots_primary_cat":"","_seopress_titles_title":"","_seopress_titles_desc":"Trouvez tout le mat\u00e9riel de marketing dont vous avez besoin pour communiquer votre participation \u00e0 SECURA Algeria.","_seopress_robots_index":"","footnotes":""},"class_list":["post-19369","page","type-page","status-publish","hentry"],"_links":{"self":[{"href":"https:\/\/www.securanorthafrica.com\/fr\/wp-json\/wp\/v2\/pages\/19369","targetHints":{"allow":["GET"]}}],"collection":[{"href":"https:\/\/www.securanorthafrica.com\/fr\/wp-json\/wp\/v2\/pages"}],"about":[{"href":"https:\/\/www.securanorthafrica.com\/fr\/wp-json\/wp\/v2\/types\/page"}],"author":[{"embeddable":true,"href":"https:\/\/www.securanorthafrica.com\/fr\/wp-json\/wp\/v2\/users\/861"}],"replies":[{"embeddable":true,"href":"https:\/\/www.securanorthafrica.com\/fr\/wp-json\/wp\/v2\/comments?post=19369"}],"version-history":[{"count":5,"href":"https:\/\/www.securanorthafrica.com\/fr\/wp-json\/wp\/v2\/pages\/19369\/revisions"}],"predecessor-version":[{"id":37180,"href":"https:\/\/www.securanorthafrica.com\/fr\/wp-json\/wp\/v2\/pages\/19369\/revisions\/37180"}],"wp:attachment":[{"href":"https:\/\/www.securanorthafrica.com\/fr\/wp-json\/wp\/v2\/media?parent=19369"}],"curies":[{"name":"wp","href":"https:\/\/api.w.org\/{rel}","templated":true}]}}